{"id":2232,"date":"2023-01-24T13:18:48","date_gmt":"2023-01-24T19:18:48","guid":{"rendered":"https:\/\/casawabi.org\/?page_id=2232"},"modified":"2024-03-23T11:40:41","modified_gmt":"2024-03-23T17:40:41","slug":"about","status":"publish","type":"page","link":"https:\/\/casawabi.org\/en\/about\/","title":{"rendered":"About"},"content":{"rendered":"<div>\n<div class=\"uk-position-relative uk-visible-toggle \" uk-slider=\"autoplay-interval: 2500;pause-on-hover: false\">\n\n    <ul class=\"uk-slider-items uk-grid uk-grid-match uk-child-width-1-1\" >\n    \n        <li>\n\n            <div class=\"uk-panel uk-inline-clip uk-transition-toggle uk-background-cover\" style=\"height: 600px;background-image: url('\/wp-content\/uploads\/2023\/07\/C5A6DD12-1100-4D6D-B991-91180D9C57BE_1_105_c.jpeg');\">\n\n                \n                \n                <div class=\"uk-overlay uk-position-cover  uk-flex uk-flex-center uk-flex-middle uk-text-center uk-light\">\n                    <div>\n\n                        \n                        \n                        \n                    <\/div>\n                <\/div>\n\n                \n            <\/div>\n\n        <\/li>\n\n    \n        <li>\n\n            <div class=\"uk-panel uk-inline-clip uk-transition-toggle uk-background-cover\" style=\"height: 600px;background-image: url('\/wp-content\/uploads\/2023\/07\/559A6971-OKWEB.jpg');\">\n\n                \n                \n                <div class=\"uk-overlay uk-position-cover  uk-flex uk-flex-center uk-flex-middle uk-text-center uk-light\">\n                    <div>\n\n                        \n                        \n                        \n                    <\/div>\n                <\/div>\n\n                \n            <\/div>\n\n        <\/li>\n\n    \n        <li>\n\n            <div class=\"uk-panel uk-inline-clip uk-transition-toggle uk-background-cover\" style=\"height: 600px;background-image: url('\/wp-content\/uploads\/2023\/09\/IMG_8936-scaled.jpg');\">\n\n                \n                \n                <div class=\"uk-overlay uk-position-cover  uk-flex uk-flex-center uk-flex-middle uk-text-center uk-light\">\n                    <div>\n\n                        \n                        \n                        \n                    <\/div>\n                <\/div>\n\n                \n            <\/div>\n\n        <\/li>\n\n    \n        <li>\n\n            <div class=\"uk-panel uk-inline-clip uk-transition-toggle uk-background-cover\" style=\"height: 600px;background-image: url('\/wp-content\/uploads\/2023\/07\/25IlanRabchinskey-CasaWabi_DSC5192-scaled.jpg');\">\n\n                \n                \n                <div class=\"uk-overlay uk-position-cover  uk-flex uk-flex-center uk-flex-middle uk-text-center uk-light\">\n                    <div>\n\n                        \n                        \n                        \n                    <\/div>\n                <\/div>\n\n                \n            <\/div>\n\n        <\/li>\n\n    \n        <li>\n\n            <div class=\"uk-panel uk-inline-clip uk-transition-toggle uk-background-cover\" style=\"height: 600px;background-image: url('\/wp-content\/uploads\/2023\/07\/SGN_WABI062.jpg');\">\n\n                \n                \n                <div class=\"uk-overlay uk-position-cover  uk-flex uk-flex-center uk-flex-middle uk-text-center uk-light\">\n                    <div>\n\n                        \n                        \n                        \n                    <\/div>\n                <\/div>\n\n                \n            <\/div>\n\n        <\/li>\n\n    \n        <li>\n\n            <div class=\"uk-panel uk-inline-clip uk-transition-toggle uk-background-cover\" style=\"height: 600px;background-image: url('\/wp-content\/uploads\/2023\/07\/TAD-CASA-0075.jpg');\">\n\n                \n                \n                <div class=\"uk-overlay uk-position-cover  uk-flex uk-flex-center uk-flex-middle uk-text-center uk-light\">\n                    <div>\n\n                        \n                        \n                        \n                    <\/div>\n                <\/div>\n\n                \n            <\/div>\n\n        <\/li>\n\n    \n        <li>\n\n            <div class=\"uk-panel uk-inline-clip uk-transition-toggle uk-background-cover\" style=\"height: 600px;background-image: url('\/wp-content\/uploads\/2023\/09\/IMG_1344-scaled.jpg');\">\n\n                \n                \n                <div class=\"uk-overlay uk-position-cover  uk-flex uk-flex-center uk-flex-middle uk-text-center uk-light\">\n                    <div>\n\n                        \n                        \n                        \n                    <\/div>\n                <\/div>\n\n                \n            <\/div>\n\n        <\/li>\n\n    \n        <li>\n\n            <div class=\"uk-panel uk-inline-clip uk-transition-toggle uk-background-cover\" style=\"height: 600px;background-image: url('\/wp-content\/uploads\/2023\/07\/instagram-9.jpeg');\">\n\n                \n                \n                <div class=\"uk-overlay uk-position-cover  uk-flex uk-flex-center uk-flex-middle uk-text-center uk-light\">\n                    <div>\n\n                        \n                        \n                        \n                    <\/div>\n                <\/div>\n\n                \n            <\/div>\n\n        <\/li>\n\n    \n        <li>\n\n            <div class=\"uk-panel uk-inline-clip uk-transition-toggle uk-background-cover\" style=\"height: 600px;background-image: url('\/wp-content\/uploads\/2023\/07\/instagram-2.jpeg');\">\n\n                \n                \n                <div class=\"uk-overlay uk-position-cover  uk-flex uk-flex-center uk-flex-middle uk-text-center uk-light\">\n                    <div>\n\n                        \n                        \n                        \n                    <\/div>\n                <\/div>\n\n                \n            <\/div>\n\n        <\/li>\n\n    \n        <li>\n\n            <div class=\"uk-panel uk-inline-clip uk-transition-toggle uk-background-cover\" style=\"height: 600px;background-image: url('\/wp-content\/uploads\/2014\/02\/TAD-CASA-0084-1.jpg');\">\n\n                \n                \n                <div class=\"uk-overlay uk-position-cover  uk-flex uk-flex-center uk-flex-middle uk-text-center uk-light\">\n                    <div>\n\n                        \n                        \n                        \n                    <\/div>\n                <\/div>\n\n                \n            <\/div>\n\n        <\/li>\n\n        <\/ul>\n\n    \n                <div class=\"uk-light\">\n        \n            <a href=\"#\" class=\"uk-position-center-left uk-position-small uk-hidden-hover\" uk-slidenav-previous uk-slider-item=\"previous\"><\/a>\n            <a href=\"#\" class=\"uk-position-center-right uk-position-small uk-hidden-hover\" uk-slidenav-next uk-slider-item=\"next\"><\/a>\n\n                <\/div>\n        \n    \n<\/div>\n<\/div>\n<h2>Casa Wabi Puerto Escondido (Oaxaca, M\u00e9xico)<\/h2>\n<h2>Casa Wabi Sabino (M\u00e9xico City, M\u00e9xico)<\/h2>\n<h2>Casa Nano (Tokyo, Japan)<\/h2>\n<p><!--more--><br \/>\n<!-- {\"type\":\"layout\",\"children\":[{\"type\":\"section\",\"props\":{\"image_position\":\"center-center\",\"style\":\"default\",\"title_breakpoint\":\"xl\",\"title_position\":\"top-left\",\"title_rotation\":\"left\",\"vertical_align\":\"middle\",\"width\":\"default\"},\"children\":[{\"type\":\"row\",\"children\":[{\"type\":\"column\",\"props\":{\"image_position\":\"center-center\",\"media_overlay_gradient\":\"\",\"position_sticky_breakpoint\":\"m\"},\"children\":[{\"type\":\"text\",\"props\":{\"class\":\"gallery-widgetkit\",\"column_breakpoint\":\"m\",\"content\":\"[widgetkit id=\\\"3\\\"]\",\"id\":\"wkgallery-about\",\"margin\":\"default\"},\"name\":\"WIDGETKIT - Gallery\"},{\"type\":\"text\",\"props\":{\"column_breakpoint\":\"m\",\"margin\":\"default\",\"text_align\":\"center\",\"text_color\":\"primary\",\"text_style\":\"meta\"},\"source\":{\"query\":{\"name\":\"aboutContentss.customAboutContents\",\"arguments\":{\"users\":[],\"users_operator\":\"IN\",\"offset\":0,\"order\":\"date\",\"order_direction\":\"DESC\",\"id\":9703}},\"props\":{\"content\":{\"filters\":{\"search\":\"\"},\"name\":\"field.about_description\"}}}}]}]}]},{\"type\":\"section\",\"props\":{\"class\":\"greyborder\",\"image_position\":\"center-center\",\"style\":\"default\",\"title_breakpoint\":\"xl\",\"title_position\":\"top-left\",\"title_rotation\":\"left\",\"vertical_align\":\"middle\",\"width\":\"default\"},\"children\":[{\"type\":\"row\",\"children\":[{\"type\":\"column\",\"props\":{\"image_position\":\"center-center\",\"media_overlay_gradient\":\"\",\"position_sticky_breakpoint\":\"m\",\"width_medium\":\"1-2\"},\"children\":[{\"type\":\"headline\",\"props\":{\"content\":\"Casa Wabi Puerto Escondido (Oaxaca, M\\u00e9xico)\",\"margin\":\"small\",\"text_align\":\"center\",\"title_element\":\"h2\"}},{\"type\":\"image\",\"props\":{\"class\":\"banner-visit\",\"image_svg_color\":\"emphasis\",\"margin\":\"small\"},\"source\":{\"query\":{\"name\":\"aboutContentss.customAboutContents\",\"arguments\":{\"users\":[],\"users_operator\":\"IN\",\"offset\":0,\"order\":\"date\",\"order_direction\":\"DESC\",\"id\":9703}},\"props\":{\"image\":{\"filters\":{\"search\":\"\"},\"name\":\"field.cover_puerto_escondido.url\"}}},\"name\":\"\"}]},{\"type\":\"column\",\"props\":{\"image_position\":\"center-center\",\"media_overlay_gradient\":\"\",\"position_sticky_breakpoint\":\"m\",\"width_medium\":\"1-2\"},\"children\":[{\"type\":\"headline\",\"props\":{\"content\":\"Casa Wabi Sabino (M\\u00e9xico City, M\\u00e9xico)\",\"margin\":\"small\",\"text_align\":\"center\",\"title_element\":\"h2\"}},{\"type\":\"image\",\"props\":{\"class\":\"banner-visit\",\"image_svg_color\":\"emphasis\",\"margin\":\"small\"},\"source\":{\"query\":{\"name\":\"aboutContentss.customAboutContents\",\"arguments\":{\"users\":[],\"users_operator\":\"IN\",\"offset\":0,\"order\":\"date\",\"order_direction\":\"DESC\",\"id\":9703}},\"props\":{\"image\":{\"filters\":{\"search\":\"\"},\"name\":\"field.cover_sabino.url\"}}},\"name\":\"\"}]}],\"props\":{\"column_gap\":\"small\",\"layout\":\"1-2,1-2\"}},{\"type\":\"row\",\"props\":{\"column_gap\":\"small\",\"layout\":\"1-4,1-2,1-4\"},\"children\":[{\"type\":\"column\",\"props\":{\"image_position\":\"center-center\",\"media_overlay_gradient\":\"\",\"position_sticky_breakpoint\":\"m\",\"width_medium\":\"1-4\"},\"children\":[]},{\"type\":\"column\",\"props\":{\"image_position\":\"center-center\",\"media_overlay_gradient\":\"\",\"position_sticky_breakpoint\":\"m\",\"width_medium\":\"1-2\"},\"children\":[{\"type\":\"headline\",\"props\":{\"content\":\"Casa Nano (Tokyo, Japan)\",\"margin\":\"small\",\"text_align\":\"center\",\"title_element\":\"h2\"}},{\"type\":\"image\",\"props\":{\"class\":\"banner-visit\",\"image_svg_color\":\"emphasis\",\"margin\":\"small\"},\"source\":{\"query\":{\"name\":\"aboutContentss.customAboutContents\",\"arguments\":{\"users\":[],\"users_operator\":\"IN\",\"offset\":0,\"order\":\"date\",\"order_direction\":\"DESC\",\"id\":9703}},\"props\":{\"image\":{\"filters\":{\"search\":\"\"},\"name\":\"field.cover_casa_nano.url\"}}},\"name\":\"\"}]},{\"type\":\"column\",\"props\":{\"image_position\":\"center-center\",\"media_overlay_gradient\":\"\",\"position_sticky_breakpoint\":\"m\",\"width_medium\":\"1-4\"},\"children\":[]}]}],\"name\":\"\\u2022 Mapas - ESP\"}],\"version\":\"3.0.15\"} --><\/p>\n","protected":false},"excerpt":{"rendered":"<p>Casa Wabi Puerto Escondido (Oaxaca, M\u00e9xico) Casa Wabi Sabino (M\u00e9xico City, M\u00e9xico) Casa Nano (Tokyo, Japan)<\/p>\n","protected":false},"author":2,"featured_media":0,"parent":0,"menu_order":0,"comment_status":"closed","ping_status":"closed","template":"","meta":{"footnotes":""},"class_list":["post-2232","page","type-page","status-publish","hentry"],"acf":[],"_links":{"self":[{"href":"https:\/\/casawabi.org\/en\/wp-json\/wp\/v2\/pages\/2232","targetHints":{"allow":["GET"]}}],"collection":[{"href":"https:\/\/casawabi.org\/en\/wp-json\/wp\/v2\/pages"}],"about":[{"href":"https:\/\/casawabi.org\/en\/wp-json\/wp\/v2\/types\/page"}],"author":[{"embeddable":true,"href":"https:\/\/casawabi.org\/en\/wp-json\/wp\/v2\/users\/2"}],"replies":[{"embeddable":true,"href":"https:\/\/casawabi.org\/en\/wp-json\/wp\/v2\/comments?post=2232"}],"version-history":[{"count":10,"href":"https:\/\/casawabi.org\/en\/wp-json\/wp\/v2\/pages\/2232\/revisions"}],"predecessor-version":[{"id":11735,"href":"https:\/\/casawabi.org\/en\/wp-json\/wp\/v2\/pages\/2232\/revisions\/11735"}],"wp:attachment":[{"href":"https:\/\/casawabi.org\/en\/wp-json\/wp\/v2\/media?parent=2232"}],"curies":[{"name":"wp","href":"https:\/\/api.w.org\/{rel}","templated":true}]}}